{"id":29019,"date":"2026-05-04T10:59:47","date_gmt":"2026-05-04T10:59:47","guid":{"rendered":"https:\/\/forkliftoccasion.com\/return-policy\/"},"modified":"2026-05-04T11:13:31","modified_gmt":"2026-05-04T11:13:31","slug":"return-policy","status":"publish","type":"page","link":"https:\/\/forkliftoccasion.com\/de\/return-policy\/","title":{"rendered":"Return Policy"},"content":{"rendered":"\t\t<div data-elementor-type=\"wp-page\" data-elementor-id=\"29019\" class=\"elementor elementor-29019 elementor-29009\" data-elementor-post-type=\"page\">\n\t\t\t\t\t\t<section class=\"elementor-section elementor-top-section elementor-element elementor-element-d0340b2 elementor-section-height-min-height min-width elementor-section-boxed elementor-section-height-default elementor-section-items-middle\" data-id=\"d0340b2\" data-element_type=\"section\" data-e-type=\"section\" data-settings=\"{&quot;background_background&quot;:&quot;classic&quot;}\">\n\t\t\t\t\t\t\t<div class=\"elementor-background-overlay\"><\/div>\n\t\t\t\t\t\t\t<div class=\"elementor-container elementor-column-gap-default\">\n\t\t\t\t\t<div class=\"elementor-column elementor-col-100 elementor-top-column elementor-element elementor-element-5e98e56\" data-id=\"5e98e56\" data-element_type=\"column\" data-e-type=\"column\">\n\t\t\t<div class=\"elementor-widget-wrap elementor-element-populated\">\n\t\t\t\t\t\t<div class=\"elementor-element elementor-element-a397e45 elementor-widget elementor-widget-heading\" data-id=\"a397e45\" data-element_type=\"widget\" data-e-type=\"widget\" data-widget_type=\"heading.default\">\n\t\t\t\t<div class=\"elementor-widget-container\">\n\t\t\t\t\t<h2 class=\"elementor-heading-title elementor-size-default\">R\u00dcCKGABEBEDINGUNGEN<\/h2>\t\t\t\t<\/div>\n\t\t\t\t<\/div>\n\t\t\t\t\t<\/div>\n\t\t<\/div>\n\t\t\t\t\t<\/div>\n\t\t<\/section>\n\t\t\t\t<section class=\"elementor-section elementor-top-section elementor-element elementor-element-cce362d min-width elementor-section-boxed elementor-section-height-default elementor-section-height-default\" data-id=\"cce362d\" data-element_type=\"section\" data-e-type=\"section\">\n\t\t\t\t\t\t<div class=\"elementor-container elementor-column-gap-default\">\n\t\t\t\t\t<div class=\"elementor-column elementor-col-100 elementor-top-column elementor-element elementor-element-4662779\" data-id=\"4662779\" data-element_type=\"column\" data-e-type=\"column\">\n\t\t\t<div class=\"elementor-widget-wrap elementor-element-populated\">\n\t\t\t\t\t\t<div class=\"elementor-element elementor-element-dce3450 elementor-widget elementor-widget-heading\" data-id=\"dce3450\" data-element_type=\"widget\" data-e-type=\"widget\" data-widget_type=\"heading.default\">\n\t\t\t\t<div class=\"elementor-widget-container\">\n\t\t\t\t\t<h2 class=\"elementor-heading-title elementor-size-default\">R\u00fcckgabebedingungen<\/h2>\t\t\t\t<\/div>\n\t\t\t\t<\/div>\n\t\t\t\t<div class=\"elementor-element elementor-element-8c832e8 elementor-widget elementor-widget-text-editor\" data-id=\"8c832e8\" data-element_type=\"widget\" data-e-type=\"widget\" data-widget_type=\"text-editor.default\">\n\t\t\t\t<div class=\"elementor-widget-container\">\n\t\t\t\t\t\t\t\t\t<p>Bei Forklift Occasion sind wir bestrebt, unsere Kunden zufriedenzustellen und klare Vereinbarungen zu treffen. Da wir haupts\u00e4chlich gebrauchte Maschinen und Gesch\u00e4ftsprodukte verkaufen, gelten besondere R\u00fcckgabebedingungen. <\/p>\t\t\t\t\t\t\t\t<\/div>\n\t\t\t\t<\/div>\n\t\t\t\t<div class=\"elementor-element elementor-element-ebcb257 elementor-widget elementor-widget-heading\" data-id=\"ebcb257\" data-element_type=\"widget\" data-e-type=\"widget\" data-widget_type=\"heading.default\">\n\t\t\t\t<div class=\"elementor-widget-container\">\n\t\t\t\t\t<h3 class=\"elementor-heading-title elementor-size-default\">Gesch\u00e4ftliche Eink\u00e4ufe<\/h3>\t\t\t\t<\/div>\n\t\t\t\t<\/div>\n\t\t\t\t<div class=\"elementor-element elementor-element-f5df955 elementor-widget elementor-widget-text-editor\" data-id=\"f5df955\" data-element_type=\"widget\" data-e-type=\"widget\" data-widget_type=\"text-editor.default\">\n\t\t\t\t<div class=\"elementor-widget-container\">\n\t\t\t\t\t\t\t\t\t<p>Unsere Produkte werden haupts\u00e4chlich an Unternehmen verkauft. K\u00e4ufe von Unternehmen unterliegen nicht demselben gesetzlichen Widerrufsrecht wie Verk\u00e4ufe an Verbraucher.  <br>R\u00fccksendungen von Gesch\u00e4ftsk\u00e4ufen sind nur mit vorheriger schriftlicher Genehmigung von Forklift Occasion m\u00f6glich.<\/p>\t\t\t\t\t\t\t\t<\/div>\n\t\t\t\t<\/div>\n\t\t\t\t<div class=\"elementor-element elementor-element-3433ffd elementor-widget elementor-widget-heading\" data-id=\"3433ffd\" data-element_type=\"widget\" data-e-type=\"widget\" data-widget_type=\"heading.default\">\n\t\t\t\t<div class=\"elementor-widget-container\">\n\t\t\t\t\t<h3 class=\"elementor-heading-title elementor-size-default\">Gebrauchte Maschinen<\/h3>\t\t\t\t<\/div>\n\t\t\t\t<\/div>\n\t\t\t\t<div class=\"elementor-element elementor-element-90d6664 elementor-widget elementor-widget-text-editor\" data-id=\"90d6664\" data-element_type=\"widget\" data-e-type=\"widget\" data-widget_type=\"text-editor.default\">\n\t\t\t\t<div class=\"elementor-widget-container\">\n\t\t\t\t\t\t\t\t\t<p>Gebrauchte Gabelstapler, Schubmaststapler, Gabelhubwagen und andere Maschinen werden in dem Zustand verkauft, wie sie beschrieben und\/oder besichtigt wurden. Wir empfehlen immer, die Maschinen vorab zu inspizieren oder uns f\u00fcr zus\u00e4tzliche Informationen zu kontaktieren. <\/p><p>Die R\u00fcckgabe von Gebrauchtmaschinen ist nur m\u00f6glich, wenn dies schriftlich vereinbart wurde.<\/p>\t\t\t\t\t\t\t\t<\/div>\n\t\t\t\t<\/div>\n\t\t\t\t<div class=\"elementor-element elementor-element-a35ce6b elementor-widget elementor-widget-heading\" data-id=\"a35ce6b\" data-element_type=\"widget\" data-e-type=\"widget\" data-widget_type=\"heading.default\">\n\t\t\t\t<div class=\"elementor-widget-container\">\n\t\t\t\t\t<h3 class=\"elementor-heading-title elementor-size-default\">Teile und Zubeh\u00f6r<\/h3>\t\t\t\t<\/div>\n\t\t\t\t<\/div>\n\t\t\t\t<div class=\"elementor-element elementor-element-8451bae elementor-widget elementor-widget-text-editor\" data-id=\"8451bae\" data-element_type=\"widget\" data-e-type=\"widget\" data-widget_type=\"text-editor.default\">\n\t\t\t\t<div class=\"elementor-widget-container\">\n\t\t\t\t\t\t\t\t\t<p>Teile und Zubeh\u00f6r k\u00f6nnen, wenn sie unbenutzt und im Originalzustand sind, innerhalb von 14 Tagen nach der Lieferung zur\u00fcckgeschickt werden. R\u00fccksendungen werden nur nach Genehmigung akzeptiert. <\/p><p>Alle Versandkosten f\u00fcr R\u00fccksendungen gehen zu Lasten des K\u00e4ufers, sofern nicht anders vereinbart.<\/p>\t\t\t\t\t\t\t\t<\/div>\n\t\t\t\t<\/div>\n\t\t\t\t<div class=\"elementor-element elementor-element-a992fb8 elementor-widget elementor-widget-heading\" data-id=\"a992fb8\" data-element_type=\"widget\" data-e-type=\"widget\" data-widget_type=\"heading.default\">\n\t\t\t\t<div class=\"elementor-widget-container\">\n\t\t\t\t\t<h3 class=\"elementor-heading-title elementor-size-default\">Ausnahmen kehren zur\u00fcck<\/h3>\t\t\t\t<\/div>\n\t\t\t\t<\/div>\n\t\t\t\t<div class=\"elementor-element elementor-element-0e4c93d elementor-widget elementor-widget-text-editor\" data-id=\"0e4c93d\" data-element_type=\"widget\" data-e-type=\"widget\" data-widget_type=\"text-editor.default\">\n\t\t\t\t<div class=\"elementor-widget-container\">\n\t\t\t\t\t\t\t\t\t<p>Eine R\u00fcckgabe ist nicht m\u00f6glich bei:<\/p><ul><li>Produkte auf Sonderbestellung<\/li><li>Ma\u00dfgeschneiderte Produkte<\/li><li>Gebrauchte Produkte mit Gebrauchsspuren nach der Lieferung<\/li><li>Durch unsachgem\u00e4\u00dfen Gebrauch besch\u00e4digte Produkte<\/li><li>Gesch\u00e4ftliche Eink\u00e4ufe ohne vorherige Genehmigung<\/li><\/ul>\t\t\t\t\t\t\t\t<\/div>\n\t\t\t\t<\/div>\n\t\t\t\t<div class=\"elementor-element elementor-element-5b83729 elementor-widget elementor-widget-heading\" data-id=\"5b83729\" data-element_type=\"widget\" data-e-type=\"widget\" data-widget_type=\"heading.default\">\n\t\t\t\t<div class=\"elementor-widget-container\">\n\t\t\t\t\t<h3 class=\"elementor-heading-title elementor-size-default\">Besch\u00e4digte oder falsch gelieferte Ware<\/h3>\t\t\t\t<\/div>\n\t\t\t\t<\/div>\n\t\t\t\t<div class=\"elementor-element elementor-element-22f2444 elementor-widget elementor-widget-text-editor\" data-id=\"22f2444\" data-element_type=\"widget\" data-e-type=\"widget\" data-widget_type=\"text-editor.default\">\n\t\t\t\t<div class=\"elementor-widget-container\">\n\t\t\t\t\t\t\t\t\t<p>\u00dcberpr\u00fcfen Sie die Lieferung sofort nach Erhalt. Melden Sie Transportsch\u00e4den oder falsch gelieferte Produkte innerhalb von 48 Stunden nach Erhalt. <\/p>\t\t\t\t\t\t\t\t<\/div>\n\t\t\t\t<\/div>\n\t\t\t\t<div class=\"elementor-element elementor-element-34e146d elementor-widget elementor-widget-heading\" data-id=\"34e146d\" data-element_type=\"widget\" data-e-type=\"widget\" data-widget_type=\"heading.default\">\n\t\t\t\t<div class=\"elementor-widget-container\">\n\t\t\t\t\t<h3 class=\"elementor-heading-title elementor-size-default\">R\u00fccksendung anfordern<\/h3>\t\t\t\t<\/div>\n\t\t\t\t<\/div>\n\t\t\t\t<div class=\"elementor-element elementor-element-a0eab26 elementor-widget elementor-widget-text-editor\" data-id=\"a0eab26\" data-element_type=\"widget\" data-e-type=\"widget\" data-widget_type=\"text-editor.default\">\n\t\t\t\t<div class=\"elementor-widget-container\">\n\t\t\t\t\t\t\t\t\t<p>M\u00f6chten Sie eine R\u00fccksendung anfordern? Bitte kontaktieren Sie uns unter: <\/p><p>E-Mail: info@forkliftoccasion.com<br>Telefon: +31 06 25 49 62 32<\/p>\t\t\t\t\t\t\t\t<\/div>\n\t\t\t\t<\/div>\n\t\t\t\t\t<\/div>\n\t\t<\/div>\n\t\t\t\t\t<\/div>\n\t\t<\/section>\n\t\t\t\t<\/div>\n\t\t","protected":false},"excerpt":{"rendered":"<p>R\u00dcCKGABEBEDINGUNGEN R\u00fcckgabebedingungen Bei Forklift Occasion sind wir bestrebt, unsere Kunden zufriedenzustellen und klare Vereinbarungen zu treffen. Da wir haupts\u00e4chlich gebrauchte Maschinen und Gesch\u00e4ftsprodukte verkaufen, gelten besondere R\u00fcckgabebedingungen. Gesch\u00e4ftliche Eink\u00e4ufe Unsere Produkte werden haupts\u00e4chlich an Unternehmen verkauft. K\u00e4ufe von Unternehmen unterliegen nicht demselben gesetzlichen Widerrufsrecht wie Verk\u00e4ufe an Verbraucher. R\u00fccksendungen von Gesch\u00e4ftsk\u00e4ufen sind nur mit vorheriger [&hellip;]<\/p>\n","protected":false},"author":69,"featured_media":0,"parent":0,"menu_order":0,"comment_status":"closed","ping_status":"closed","template":"","meta":{"_acf_changed":false,"om_disable_all_campaigns":false,"_monsterinsights_skip_tracking":false,"_monsterinsights_sitenote_active":false,"_monsterinsights_sitenote_note":"","_monsterinsights_sitenote_category":0,"_uf_show_specific_survey":0,"_uf_disable_surveys":false,"footnotes":""},"class_list":["post-29019","page","type-page","status-publish","hentry"],"acf":[],"_links":{"self":[{"href":"https:\/\/forkliftoccasion.com\/de\/wp-json\/wp\/v2\/pages\/29019","targetHints":{"allow":["GET"]}}],"collection":[{"href":"https:\/\/forkliftoccasion.com\/de\/wp-json\/wp\/v2\/pages"}],"about":[{"href":"https:\/\/forkliftoccasion.com\/de\/wp-json\/wp\/v2\/types\/page"}],"author":[{"embeddable":true,"href":"https:\/\/forkliftoccasion.com\/de\/wp-json\/wp\/v2\/users\/69"}],"replies":[{"embeddable":true,"href":"https:\/\/forkliftoccasion.com\/de\/wp-json\/wp\/v2\/comments?post=29019"}],"version-history":[{"count":1,"href":"https:\/\/forkliftoccasion.com\/de\/wp-json\/wp\/v2\/pages\/29019\/revisions"}],"predecessor-version":[{"id":29020,"href":"https:\/\/forkliftoccasion.com\/de\/wp-json\/wp\/v2\/pages\/29019\/revisions\/29020"}],"wp:attachment":[{"href":"https:\/\/forkliftoccasion.com\/de\/wp-json\/wp\/v2\/media?parent=29019"}],"curies":[{"name":"wp","href":"https:\/\/api.w.org\/{rel}","templated":true}]}}